{"id":42,"date":"2023-06-19T11:06:55","date_gmt":"2023-06-19T11:06:55","guid":{"rendered":"https:\/\/alphagps.com.tr\/?page_id=42"},"modified":"2023-07-15T11:45:25","modified_gmt":"2023-07-15T11:45:25","slug":"hakkimizda","status":"publish","type":"page","link":"https:\/\/alphagps.com.tr\/index.php\/hakkimizda\/","title":{"rendered":"Hakk\u0131m\u0131zda"},"content":{"rendered":"<p>Konya\u2026 Tah\u0131l\u0131n eme\u011fe, eme\u011fin ekme\u011fe d\u00f6n\u00fc\u015ft\u00fc\u011f\u00fc topraklar. \u0130\u015fte ALPHA GPS , bu topraklarda g\u00f6rd\u00fc\u011f\u00fc emekten ilham alarak 2023 y\u0131l\u0131nda kuruldu. \u015eimdi ise\u00a0 un ve irmik konusunda \u00e7\u00f6z\u00fcmler sunuyor. D\u00fcnya \u00e7ap\u0131ndaki bayi a\u011f\u0131 sayesinde eme\u011fin mucizesini d\u00fcnyan\u0131n 60 \u00fclkesine ta\u015f\u0131yor.<\/p>\n","protected":false},"excerpt":{"rendered":"<p>Konya\u2026 Tah\u0131l\u0131n eme\u011fe, eme\u011fin ekme\u011fe d\u00f6n\u00fc\u015ft\u00fc\u011f\u00fc topraklar. \u0130\u015fte ALPHA GPS , bu topraklarda g\u00f6rd\u00fc\u011f\u00fc emekten ilham alarak 2023 y\u0131l\u0131nda kuruldu. \u015eimdi ise\u00a0 un ve irmik konusunda \u00e7\u00f6z\u00fcmler sunuyor. D\u00fcnya \u00e7ap\u0131ndaki bayi a\u011f\u0131 sayesinde eme\u011fin mucizesini d\u00fcnyan\u0131n 60 \u00fclkesine ta\u015f\u0131yor.<\/p>\n","protected":false},"author":1,"featured_media":0,"parent":0,"menu_order":0,"comment_status":"closed","ping_status":"closed","template":"","meta":[],"_links":{"self":[{"href":"https:\/\/alphagps.com.tr\/index.php\/wp-json\/wp\/v2\/pages\/42"}],"collection":[{"href":"https:\/\/alphagps.com.tr\/index.php\/wp-json\/wp\/v2\/pages"}],"about":[{"href":"https:\/\/alphagps.com.tr\/index.php\/wp-json\/wp\/v2\/types\/page"}],"author":[{"embeddable":true,"href":"https:\/\/alphagps.com.tr\/index.php\/wp-json\/wp\/v2\/users\/1"}],"replies":[{"embeddable":true,"href":"https:\/\/alphagps.com.tr\/index.php\/wp-json\/wp\/v2\/comments?post=42"}],"version-history":[{"count":4,"href":"https:\/\/alphagps.com.tr\/index.php\/wp-json\/wp\/v2\/pages\/42\/revisions"}],"predecessor-version":[{"id":415,"href":"https:\/\/alphagps.com.tr\/index.php\/wp-json\/wp\/v2\/pages\/42\/revisions\/415"}],"wp:attachment":[{"href":"https:\/\/alphagps.com.tr\/index.php\/wp-json\/wp\/v2\/media?parent=42"}],"curies":[{"name":"wp","href":"https:\/\/api.w.org\/{rel}","templated":true}]}}