{"id":6,"date":"2023-06-16T14:15:29","date_gmt":"2023-06-16T14:15:29","guid":{"rendered":"https:\/\/alphagps.com.tr\/index.php\/mesmerize\/"},"modified":"2023-09-01T11:04:56","modified_gmt":"2023-09-01T11:04:56","slug":"mesmerize","status":"publish","type":"page","link":"https:\/\/alphagps.com.tr\/","title":{"rendered":"Front Page"},"content":{"rendered":"<div  id=\"features-1\" style=\"background-color: #ffffff;\" data-label=\"Features\" data-id=\"features-16-card-bordered-mc\" data-export-id=\"features-16-card-bordered-mc\" data-bullets-visibility=\"true\" data-category=\"features\" class=\"features-16-card-bordered-mc content-section content-section-spacing\"><div  class=\"gridContainer\"> <div  class=\"row text-center\"><div  class=\"section-title-col\" data-type=\"column\"> <h5  class=\"\"><\/h5> <h2  class=\"\">Yarat\u0131c\u0131 \u00e7\u00f6z\u00fcmler sunuyoruz!<\/h2> <p  class=\"lead\">Yeni nesil teknoloji ile tasarlanan Treximat Vals, tecr\u00fcbeli m\u00fchendislerin ve end\u00fcstriyel tasar\u0131mc\u0131lar\u0131n de\u011firmen sekt\u00f6r\u00fcne sundu\u011fu kusursuz bir yap\u0131tlar\u0131 sizlere sunuyoruz.<\/p><\/div> <\/div> <div  class=\"row spaced-cols\" data-type=\"row\"> <div  class=\"col-xs-12 col-sm-6 col-md-4\"> <div  class=\"card no-padding bordered y-move\"> <img  decoding=\"async\" class=\"face\" src=\"https:\/\/alphagps.com.tr\/wp-content\/uploads\/2023\/06\/cropped-cropped-cropped-treximat-genel-acik.png\" title=\"cropped-cropped-cropped-treximat-genel-acik.png\" alt=\"\"> <div  data-type=\"column\" class=\"col-padding-small col-padding-small-xs description-container\"> <p  class=\"\"><font  style=\"vertical-align: inherit;\"><font  style=\"vertical-align: inherit;\">\n<br >Tah\u0131l, valsli de\u011firmene, besleme valslerine ve ard\u0131ndan \u00f6\u011f\u00fctme valslerine ta\u015f\u0131nd\u0131\u011f\u0131 \u00fcr\u00fcn giri\u015f hunisinden girer . Kapasitif seviye sens\u00f6rleri veya y\u00fck h\u00fccreleri ayarlan\u0131r<\/font><\/font><\/p><h4  class=\"font-500\"><\/h4> <\/div> <div  data-type=\"column\" class=\"col-padding-small col-padding-small-xs read-more-container\"><a class=\"button blue\" href=\"#\" target=\"_self\" data-cp-link=\"1\" rel=\"noopener\">\u00dcr\u00fcnlerimiz<\/a><\/div> <\/div><\/div> <div  class=\"col-xs-12 col-sm-6 col-md-4\"><div  class=\"card no-padding bordered y-move\"> <img  decoding=\"async\" class=\"face\" src=\"https:\/\/alphagps.com.tr\/wp-content\/uploads\/2023\/06\/cropped-quantuminox-kare-elek-detay-01-1.png\" title=\"cropped-quantuminox-kare-elek-detay-01-1.png\" alt=\"\"> <div  data-type=\"column\" class=\"col-padding-small col-padding-small-xs description-container\">  <p  class=\"\"><font  style=\"vertical-align: inherit;\"><\/font>\u00c7ALI\u015eMA PRENS\u0130PLER\u0130<br >Paslanmaz \u00e7elik ile yeni bir mod\u00fcler yap\u0131 konsepti ile mod\u00fcller,<br >merkezi sal\u0131n\u0131m mekanizmas\u0131na ba\u011flanm\u0131\u015ft\u0131r.<\/p><h4  class=\"font-500\"><\/h4><\/div> <div  data-type=\"column\" class=\"col-padding-small col-padding-small-xs read-more-container\"><a class=\"button blue\" href=\"#\" target=\"_self\" data-cp-link=\"1\" rel=\"noopener\">\u00dcr\u00fcnlerimiz<\/a><\/div> <\/div><\/div> <div  class=\"col-xs-12 col-sm-6 col-md-4\"><div  class=\"card no-padding bordered y-move\"> <a data-cp-link=\"1\" href=\"#\" target=\"_self\" rel=\"noopener\"><img  decoding=\"async\" class=\"face\" src=\"https:\/\/alphagps.com.tr\/wp-content\/uploads\/2023\/06\/cropped-fourclean-kombinator-model-F1-1.png\" title=\"cropped-treximat-genel-acik.png\" alt=\"\"><\/a> <div  data-type=\"column\" class=\"col-padding-small col-padding-small-xs description-container\">  <p  class=\"\"><font  style=\"vertical-align: inherit;\"><\/font><font  style=\"vertical-align: inherit;\"><font  style=\"vertical-align: inherit;\">FourClean, toz, kum, ta\u015f, k\u0131r\u0131k ve zay\u0131f taneler gibi taneciklerdeki safs\u0131zl\u0131klar\u0131 ay\u0131r\u0131r . Makinan\u0131n kompakt tasar\u0131m\u0131 sayesinde d\u00f6rt makinan\u0131n yapabilece\u011fi i\u015flemi minimum alanda yapar.<\/font><\/font><\/p><h4  class=\"font-500\"><\/h4><\/div> <div  data-type=\"column\" class=\"col-padding-small col-padding-small-xs read-more-container\"><a class=\"button blue\" href=\"#\" target=\"_self\" data-cp-link=\"1\" rel=\"noopener\">\u00dcr\u00fcnlerimiz<\/a><\/div> <\/div><\/div> <\/div><\/div> <\/div><div  id=\"about-1\" style=\"background-color: #f5fafd;\" data-label=\"About\" data-id=\"about-images-right-section-mc\" data-export-id=\"about-images-right-section-mc\" data-bullets-visibility=\"true\" data-category=\"about\" class=\"about-images-right-section-mc content-section content-section-spacing\"><div  class=\"gridContainer\"> <div  class=\"row middle-sm text-center\"><div  class=\"col-sm-5 content-left-sm\" data-type=\"column\">  <h2  class=\"\">ASYA&nbsp; &nbsp; &nbsp; &nbsp; &nbsp;AVRUPA\n<br >AMER\u0130KA&nbsp; AFR\u0130KA<\/h2> <p  class=\"\">Konya\u2026 Tah\u0131l\u0131n eme\u011fe, eme\u011fin ekme\u011fe d\u00f6n\u00fc\u015ft\u00fc\u011f\u00fc topraklar. \u0130\u015fte Alpha Gps, bu topraklarda g\u00f6rd\u00fc\u011f\u00fc emekten ilham alarak kuruldu. \u0130\u015fine sayg\u0131yla yakla\u015fan deneyimli kadrosu ile un ve irmik \u00fcretim tesisleri konusunda \u00e7\u00f6z\u00fcmler sunuyor. D\u00fcnya \u00e7ap\u0131ndaki bayi a\u011f\u0131 sayesinde eme\u011fin mucizesini d\u00fcnyan\u0131n 60 \u00fclkesine ta\u015f\u0131yor.<\/p> <a class=\"button color1\" href=\"#\" target=\"_self\" data-cp-link=\"1\" rel=\"noopener\">REFERANSLAR<\/a><\/div> <div  class=\"col-sm-7 space-bottom-xs\"><div  class=\"image-group-side-3-img\"> <img  decoding=\"async\" class=\"topimg shadow-large\" src=\"https:\/\/alphagps.com.tr\/wp-content\/uploads\/2023\/06\/cropped-dunya-genc-degirmen-1.jpg\"> <img  decoding=\"async\" class=\"rightimg shadow-large\" src=\"https:\/\/alphagps.com.tr\/wp-content\/uploads\/2023\/06\/cropped-cropped-dunya-genc-degirmen-1.jpg\" title=\"cropped-cropped-dunya-genc-degirmen-1.jpg\" alt=\"\"> <div  class=\"leftimg\"> <img  decoding=\"async\" class=\"shadow-large\" src=\"https:\/\/alphagps.com.tr\/wp-content\/uploads\/2023\/06\/cropped-dunya-genc-degirmen.jpg\" title=\"cropped-dunya-genc-degirmen.jpg\" alt=\"\"><\/div> <\/div><\/div> <\/div><\/div> <\/div><div  id=\"content-1\" style=\"background-color: #f5fafd;\" data-label=\"Content\" data-id=\"content-7-mc\" data-export-id=\"content-7-mc\" data-category=\"content\" class=\"content-7-mc content-section content-section-spacing\"><div  class=\"gridContainer\"> <div  class=\"row middle-sm\"><div  class=\"col-sm-6 space-bottom-xs\" data-type=\"column\">   <h2  class=\"\">Eme\u011fe de\u011fer verir\u2026<\/h2><h5  class=\"\"><span  style=\"font-size: 13.28px;\">Sizlere en iyi hizmeti sunmak i\u00e7in \u00e7al\u0131\u015fmaktay\u0131z. Hakk\u0131m\u0131zda butonuna t\u0131klayarak \u00fcr\u00fcnlerimiz veya firmam\u0131zla ilgili bir\u00e7ok bilgileri \u00f6\u011frenebilirsiniz.<\/span><\/h5><a class=\"button color1\" href=\"#\" target=\"_self\" data-cp-link=\"1\" rel=\"noopener\">Hizmetler<\/a><\/div> <div  class=\"col-sm-6\" data-type=\"column\"> <img  decoding=\"async\" class=\"shadow-large\" src=\"https:\/\/alphagps.com.tr\/wp-content\/uploads\/2023\/06\/cropped-cropped-flow-balancer-2-01.png\" title=\"cropped-cropped-flow-balancer-2-01.png\" alt=\"\"><\/div> <\/div><\/div> <\/div><div  id=\"content-2\" style=\"background-color: #ffffff;\" data-label=\"Content\" data-id=\"content-8-mc\" data-export-id=\"content-8-mc\" data-category=\"content\" class=\"content-8-mc content-section content-section-spacing\"><div  class=\"gridContainer\"> <div  class=\"row middle-sm\"><div  class=\"col-sm-6 space-bottom-xs space-top-xs\" data-type=\"column\"> <img  decoding=\"async\" class=\"shadow-large\" src=\"https:\/\/alphagps.com.tr\/wp-content\/uploads\/2023\/06\/cropped-treximat-double-detay-01.jpg\" title=\"cropped-treximat-double-detay-01.jpg\" alt=\"\"><\/div> <div  class=\"col-sm-6\" data-type=\"column\"><h2  class=\"\">Bizimle irtibat halinde kal\u0131n.<\/h2>  <h5  class=\"\">Amac\u0131m\u0131z ; sahip oldu\u011fu potansiyelini korumak ve bu mevcut potansiyelin \u00fcst\u00fcne \u00e7\u0131karak, m\u00fc\u015fterilerimize kaliteli bir hizmet sunarak, y\u00fczde y\u00fcz m\u00fc\u015fteri memnuniyeti sa\u011flamakt\u0131r. \u0130leti\u015fim butonuna basarak bizimle irtibata ge\u00e7ebilirsiniz.<\/h5><a class=\"button color1\" href=\"#\" target=\"_self\" data-cp-link=\"1\" rel=\"noopener\">ileti\u015fim<\/a><\/div> <\/div><\/div> <\/div>","protected":false},"excerpt":{"rendered":"<p>Yarat\u0131c\u0131 \u00e7\u00f6z\u00fcmler sunuyoruz! Yeni nesil teknoloji ile tasarlanan Treximat Vals, tecr\u00fcbeli m\u00fchendislerin ve end\u00fcstriyel tasar\u0131mc\u0131lar\u0131n de\u011firmen sekt\u00f6r\u00fcne sundu\u011fu kusursuz bir yap\u0131tlar\u0131 sizlere sunuyoruz. Tah\u0131l, valsli de\u011firmene, besleme valslerine ve ard\u0131ndan \u00f6\u011f\u00fctme valslerine ta\u015f\u0131nd\u0131\u011f\u0131 \u00fcr\u00fcn giri\u015f hunisinden girer . Kapasitif seviye sens\u00f6rleri veya y\u00fck h\u00fccreleri ayarlan\u0131r \u00dcr\u00fcnlerimiz \u00c7ALI\u015eMA PRENS\u0130PLER\u0130Paslanmaz \u00e7elik ile yeni bir mod\u00fcler yap\u0131 konsepti&hellip; <br \/> <a class=\"read-more\" href=\"https:\/\/alphagps.com.tr\/\">Devam\u0131<\/a><\/p>\n","protected":false},"author":1,"featured_media":0,"parent":0,"menu_order":0,"comment_status":"closed","ping_status":"closed","template":"page-templates\/homepage.php","meta":[],"_links":{"self":[{"href":"https:\/\/alphagps.com.tr\/index.php\/wp-json\/wp\/v2\/pages\/6"}],"collection":[{"href":"https:\/\/alphagps.com.tr\/index.php\/wp-json\/wp\/v2\/pages"}],"about":[{"href":"https:\/\/alphagps.com.tr\/index.php\/wp-json\/wp\/v2\/types\/page"}],"author":[{"embeddable":true,"href":"https:\/\/alphagps.com.tr\/index.php\/wp-json\/wp\/v2\/users\/1"}],"replies":[{"embeddable":true,"href":"https:\/\/alphagps.com.tr\/index.php\/wp-json\/wp\/v2\/comments?post=6"}],"version-history":[{"count":11,"href":"https:\/\/alphagps.com.tr\/index.php\/wp-json\/wp\/v2\/pages\/6\/revisions"}],"predecessor-version":[{"id":444,"href":"https:\/\/alphagps.com.tr\/index.php\/wp-json\/wp\/v2\/pages\/6\/revisions\/444"}],"wp:attachment":[{"href":"https:\/\/alphagps.com.tr\/index.php\/wp-json\/wp\/v2\/media?parent=6"}],"curies":[{"name":"wp","href":"https:\/\/api.w.org\/{rel}","templated":true}]}}